{"id":124,"date":"2025-05-22T20:34:15","date_gmt":"2025-05-22T23:34:15","guid":{"rendered":"https:\/\/www.cear.ufpb.br\/ppger2\/?page_id=124"},"modified":"2025-05-23T11:09:21","modified_gmt":"2025-05-23T14:09:21","slug":"pos-doutorado","status":"publish","type":"page","link":"https:\/\/www.cear.ufpb.br\/ppger\/pos-doutorado\/","title":{"rendered":"P\u00f3s Doutorado"},"content":{"rendered":"\n<p>O Programa de P\u00f3s-Gradua\u00e7\u00e3o em Energias Renov\u00e1veis (PPGER) da Universidade Federal da Para\u00edba (UFPB), com base no\u00a0<strong>EDITAL N\u00ba 51\/2024 FAPESQ\/PB (CONCESS\u00c3O DE BOLSAS DE P\u00d3S-DOUTORADO)<\/strong>\u00a0na\u00a0<strong>Resolu\u00e7\u00e3o 52\/2014 CONSEPE\/UFPB<\/strong>, que regulamentam as normas gerais para o desenvolvimento do Est\u00e1gio P\u00f3s-Doutoral ou P\u00f3s-doutoramento no \u00e2mbito da Universidade Federal da Para\u00edba, torna p\u00fablico por meio desta Chamada, que estar\u00e3o abertas, as\u00a0<strong>inscri\u00e7\u00f5es gratuitas<\/strong>\u00a0para o preenchimento de\u00a0<strong>01 (uma)<\/strong>\u00a0Bolsa de P\u00f3s-Doutorado.<\/p>\n\n\n\n<figure class=\"wp-block-table is-style-stripes\"><table><tbody><tr><td><strong>DESCRI\u00c7\u00c3O<\/strong><\/td><td class=\"has-text-align-center\" data-align=\"center\"><strong>DATA DA PUBLICA\u00c7\u00c3O<\/strong><\/td><td><strong>ARQUIVO<\/strong><\/td><\/tr><tr><td>EDITAL 06\/2024 &#8211; RESULTADO DEFINITIVO PROCESSO SELETIVO<\/td><td class=\"has-text-align-center\" data-align=\"center\">16\/01\/2025<\/td><td><\/td><\/tr><tr><td>EDITAL 06\/2024 &#8211;\u00a0PROCESSO SELETIVO SIMPLIFICADO PARA BOLSA DE P\u00d3S DOUTORADO NO PPGER\/CEAR\/UFPB<\/td><td class=\"has-text-align-center\" data-align=\"center\">03\/01\/2025<\/td><td><\/td><\/tr><\/tbody><\/table><\/figure>\n\n\n\n<p><\/p>\n","protected":false},"excerpt":{"rendered":"<p>O Programa de P\u00f3s-Gradua\u00e7\u00e3o em Energias Renov\u00e1veis (PPGER) da Universidade Federal da Para\u00edba (UFPB), com [&hellip;]<\/p>\n","protected":false},"author":47,"featured_media":0,"parent":0,"menu_order":0,"comment_status":"closed","ping_status":"closed","template":"","meta":{"footnotes":""},"class_list":["post-124","page","type-page","status-publish","hentry"],"_links":{"self":[{"href":"https:\/\/www.cear.ufpb.br\/ppger\/wp-json\/wp\/v2\/pages\/124","targetHints":{"allow":["GET"]}}],"collection":[{"href":"https:\/\/www.cear.ufpb.br\/ppger\/wp-json\/wp\/v2\/pages"}],"about":[{"href":"https:\/\/www.cear.ufpb.br\/ppger\/wp-json\/wp\/v2\/types\/page"}],"author":[{"embeddable":true,"href":"https:\/\/www.cear.ufpb.br\/ppger\/wp-json\/wp\/v2\/users\/47"}],"replies":[{"embeddable":true,"href":"https:\/\/www.cear.ufpb.br\/ppger\/wp-json\/wp\/v2\/comments?post=124"}],"version-history":[{"count":3,"href":"https:\/\/www.cear.ufpb.br\/ppger\/wp-json\/wp\/v2\/pages\/124\/revisions"}],"predecessor-version":[{"id":152,"href":"https:\/\/www.cear.ufpb.br\/ppger\/wp-json\/wp\/v2\/pages\/124\/revisions\/152"}],"wp:attachment":[{"href":"https:\/\/www.cear.ufpb.br\/ppger\/wp-json\/wp\/v2\/media?parent=124"}],"curies":[{"name":"wp","href":"https:\/\/api.w.org\/{rel}","templated":true}]}}