{"id":359,"date":"2023-08-28T12:39:06","date_gmt":"2023-08-28T15:39:06","guid":{"rendered":"http:\/\/www.cear.ufpb.br\/embrapiinovo\/?page_id=359"},"modified":"2023-09-26T14:27:12","modified_gmt":"2023-09-26T17:27:12","slug":"sobre","status":"publish","type":"page","link":"https:\/\/www.cear.ufpb.br\/embrapiinovo\/sobre\/","title":{"rendered":"Sobre"},"content":{"rendered":"<p>Prazer, somos a unidade EMBRAPII de tecnologias em otimiza\u00e7\u00e3o de energia do Centro de Energias Renov\u00e1veis da Universidade Federal da Paraiba (Embrapii Cear\/UFPB) e atuamos no mercado PD&amp;I h\u00e1 aproximadamente 10 anos.<\/p>\n<p>Nossa unidade \u00e9 credenciada para atuar na \u00e1rea Otimiza\u00e7\u00e3o de Energia, inclusive as renov\u00e1veis, com foco nas \u00e1reas de Gerenciamento de Energia e Sistemas de Convers\u00e3o e Efici\u00eancia de Energia.<\/p>\n<p>Sim, estamos dentro de uma Universidade Federal, o que nos garante acesso a uma equipe formada por pesquisadores, professores, alunos e profissionais do mercado. A uni\u00e3o perfeita para o desenvolvimento de projetos que olham para al\u00e9m a obviedade, capazes de solucionar problemas e desenvolver solu\u00e7\u00f5es criativas para diversos setores do mercado.<\/p>\n<p>Nossa experi\u00eancia inclui ind\u00fastrias dos setores de distribui\u00e7\u00e3o de energia, gera\u00e7\u00e3o de energia e mobilidade el\u00e9trica, sendo que o foco de atua\u00e7\u00e3o em ind\u00fastrias destes setores e correlacionados.<\/p>\n<p><strong>-Conhe\u00e7a abaixo duas de nossas principais frentes de trabalho:<\/strong><\/p>\n<p>Gerenciamento de Energia: Monitoramento, modelagem, previs\u00e3o com base em dados hist\u00f3ricos, e agendamento \u00f3timo de gera\u00e7\u00e3o, demanda, e cargas flex\u00edveis, como sistemas fotovoltaicos, aerogeradores, bancos de bateria, e ve\u00edculos el\u00e9tricos<\/p>\n<p>Sistemas de Convers\u00e3o e Efici\u00eancia de Energia: Projeto, desenvolvimento, dimensionamento, an\u00e1lise, modelagem matem\u00e1tica, controle, topologias e dispositivos de acionamento para conversores est\u00e1ticos de pot\u00eancia, aplicados a sistemas como redes el\u00e9tricas isoladas, interligadas ou ve\u00edculos el\u00e9tricos.<\/p>\n<p><strong>-Nosso ber\u00e7o e convic\u00e7\u00f5es<\/strong><\/p>\n<p>Podemos afirmar que somos uma empresa que acredita e defende um futuro mais sustent\u00e1vel, e n\u00e3o apenas do ponto de vista ambiental. Acreditamos que a real sustentabilidade precisa equilibrar as necessidades do meio ambiente, do meio social e do meio econ\u00f4mico, e trabalhamos para isso.<\/p>\n<p>O nosso ber\u00e7o, a UFPB, por exemplo, foi uma das institui\u00e7\u00f5es pioneiras no Brasil na \u00e1rea de atua\u00e7\u00e3o em energias renov\u00e1veis a partir da cria\u00e7\u00e3o em 1973 do primeiro Laborat\u00f3rio de Energia Solar (LES) do Brasil na cidade de Jo\u00e3o Pessoa\/PB.<\/p>\n<p>J\u00e1 em 2011, a partir desse conhecimento, foi consolidada a cria\u00e7\u00e3o do Centro de Energias Alternativas e Renov\u00e1veis (CEAR), que desde sua cria\u00e7\u00e3o v\u00eam buscando interagir de forma efetiva com o mercado em busca de solu\u00e7\u00f5es que aumentem a competitividade da ind\u00fastria nacional.<\/p>\n<p><strong>-Sobre a Embrapii<\/strong><\/p>\n<p>Fazermos parte da EMBRAPII (Associa\u00e7\u00e3o Brasileira de Pesquisa e Inova\u00e7\u00e3o Industrial), uma Organiza\u00e7\u00e3o Social qualificada pelo Poder P\u00fablico Federal que, desde 2013, apoia institui\u00e7\u00f5es de pesquisa tecnol\u00f3gica fomentando a inova\u00e7\u00e3o na ind\u00fastria brasileira.<\/p>\n<p>A organiza\u00e7\u00e3o mant\u00e9m contrato de gest\u00e3o com os minist\u00e9rios da Ci\u00eancia, Tecnologia e Inova\u00e7\u00f5es; da Educa\u00e7\u00e3o; da Sa\u00fade; e da Economia.<\/p>\n<p>Alem disso, a EMBRAPII atua por meio da coopera\u00e7\u00e3o com institui\u00e7\u00f5es de pesquisa cient\u00edfica e tecnol\u00f3gica, p\u00fablicas ou privadas, tendo como foco as demandas empresariais e como alvo o compartilhamento de risco na fase pr\u00e9-competitiva da inova\u00e7\u00e3o. Ao compartilhar riscos de projetos com as empresas, tem objetivo de estimular o setor industrial a inovar mais e com maior intensidade tecnol\u00f3gica para, assim, potencializar a for\u00e7a competitiva das empresas tanto no mercado interno como no mercado internacional.<\/p>\n<p><strong>-Miss\u00e3o Vis\u00e3o e Valores da Unidade Embrapii Cear\/UFPB<\/strong><\/p>\n<p><strong>Miss\u00e3o:<\/strong> contribuir para o aumento da competitividade de empresas nacionais e internacionais por meio de inova\u00e7\u00e3o em tecnologias de otimiza\u00e7\u00e3o de energia;<br \/>\n<strong>Vis\u00e3o:<\/strong> ser reconhecida nacionalmente como unidade de refer\u00eancia em solu\u00e7\u00f5es de PD&amp;I na \u00e1rea de energia;<br \/>\n<strong>Valores:<\/strong> \u00e9tica e transpar\u00eancia, qualidade e compromisso, responsabilidade social e sustentabilidade.<\/p>\n<h3><strong>Infraestrutura<\/strong><\/h3>\n<p><iframe loading=\"lazy\" title=\"Apresenta\u00e7\u00e3o dos Laborato\u0301rios do Centro de Energias Alternativas e Renov\u00e1veis - CEAR\" width=\"800\" height=\"450\" src=\"https:\/\/www.youtube.com\/embed\/8viD-AxNUYY?feature=oembed\" frameborder=\"0\" allow=\"accelerometer; autoplay; clipboard-write; encrypted-media; gyroscope; picture-in-picture; web-share\" allowfullscreen><\/iframe><\/p>\n","protected":false},"excerpt":{"rendered":"<p>Prazer, somos a unidade EMBRAPII de tecnologias em otimiza\u00e7\u00e3o de energia do Centro de Energias Renov\u00e1veis da Universidade Federal da Paraiba (Embrapii Cear\/UFPB) e atuamos no mercado PD&amp;I h\u00e1 aproximadamente 10 anos. Nossa unidade \u00e9 credenciada para atuar na \u00e1rea Otimiza\u00e7\u00e3o de Energia, inclusive as renov\u00e1veis, com foco nas \u00e1reas de Gerenciamento de Energia e [&hellip;]<\/p>\n","protected":false},"author":1,"featured_media":0,"parent":0,"menu_order":0,"comment_status":"closed","ping_status":"closed","template":"","meta":{"footnotes":""},"class_list":["post-359","page","type-page","status-publish","hentry"],"acf":[],"yoast_head":"<!-- This site is optimized with the Yoast SEO plugin v21.3 - https:\/\/yoast.com\/wordpress\/plugins\/seo\/ -->\n<title>Sobre - EMBRAPII<\/title>\n<meta name=\"robots\" content=\"index, follow, max-snippet:-1, max-image-preview:large, max-video-preview:-1\" \/>\n<link rel=\"canonical\" href=\"https:\/\/www.cear.ufpb.br\/embrapiinovo\/sobre\/\" \/>\n<meta property=\"og:locale\" content=\"pt_BR\" \/>\n<meta property=\"og:type\" content=\"article\" \/>\n<meta property=\"og:title\" content=\"Sobre - EMBRAPII\" \/>\n<meta property=\"og:description\" content=\"Prazer, somos a unidade EMBRAPII de tecnologias em otimiza\u00e7\u00e3o de energia do Centro de Energias Renov\u00e1veis da Universidade Federal da Paraiba (Embrapii Cear\/UFPB) e atuamos no mercado PD&amp;I h\u00e1 aproximadamente 10 anos. Nossa unidade \u00e9 credenciada para atuar na \u00e1rea Otimiza\u00e7\u00e3o de Energia, inclusive as renov\u00e1veis, com foco nas \u00e1reas de Gerenciamento de Energia e [&hellip;]\" \/>\n<meta property=\"og:url\" content=\"https:\/\/www.cear.ufpb.br\/embrapiinovo\/sobre\/\" \/>\n<meta property=\"og:site_name\" content=\"EMBRAPII\" \/>\n<meta property=\"article:modified_time\" content=\"2023-09-26T17:27:12+00:00\" \/>\n<meta name=\"twitter:card\" content=\"summary_large_image\" \/>\n<meta name=\"twitter:label1\" content=\"Est. tempo de leitura\" \/>\n\t<meta name=\"twitter:data1\" content=\"3 minutos\" \/>\n<script type=\"application\/ld+json\" class=\"yoast-schema-graph\">{\"@context\":\"https:\/\/schema.org\",\"@graph\":[{\"@type\":\"WebPage\",\"@id\":\"https:\/\/www.cear.ufpb.br\/embrapiinovo\/sobre\/\",\"url\":\"https:\/\/www.cear.ufpb.br\/embrapiinovo\/sobre\/\",\"name\":\"Sobre - EMBRAPII\",\"isPartOf\":{\"@id\":\"https:\/\/www.cear.ufpb.br\/embrapiinovo\/#website\"},\"datePublished\":\"2023-08-28T15:39:06+00:00\",\"dateModified\":\"2023-09-26T17:27:12+00:00\",\"breadcrumb\":{\"@id\":\"https:\/\/www.cear.ufpb.br\/embrapiinovo\/sobre\/#breadcrumb\"},\"inLanguage\":\"pt-BR\",\"potentialAction\":[{\"@type\":\"ReadAction\",\"target\":[\"https:\/\/www.cear.ufpb.br\/embrapiinovo\/sobre\/\"]}]},{\"@type\":\"BreadcrumbList\",\"@id\":\"https:\/\/www.cear.ufpb.br\/embrapiinovo\/sobre\/#breadcrumb\",\"itemListElement\":[{\"@type\":\"ListItem\",\"position\":1,\"name\":\"In\u00edcio\",\"item\":\"https:\/\/www.cear.ufpb.br\/embrapiinovo\/\"},{\"@type\":\"ListItem\",\"position\":2,\"name\":\"Sobre\"}]},{\"@type\":\"WebSite\",\"@id\":\"https:\/\/www.cear.ufpb.br\/embrapiinovo\/#website\",\"url\":\"https:\/\/www.cear.ufpb.br\/embrapiinovo\/\",\"name\":\"EMBRAPII\",\"description\":\"S\u00f3 mais um site WordPress\",\"publisher\":{\"@id\":\"https:\/\/www.cear.ufpb.br\/embrapiinovo\/#organization\"},\"potentialAction\":[{\"@type\":\"SearchAction\",\"target\":{\"@type\":\"EntryPoint\",\"urlTemplate\":\"https:\/\/www.cear.ufpb.br\/embrapiinovo\/?s={search_term_string}\"},\"query-input\":\"required name=search_term_string\"}],\"inLanguage\":\"pt-BR\"},{\"@type\":\"Organization\",\"@id\":\"https:\/\/www.cear.ufpb.br\/embrapiinovo\/#organization\",\"name\":\"EMBRAPII\",\"url\":\"https:\/\/www.cear.ufpb.br\/embrapiinovo\/\",\"logo\":{\"@type\":\"ImageObject\",\"inLanguage\":\"pt-BR\",\"@id\":\"https:\/\/www.cear.ufpb.br\/embrapiinovo\/#\/schema\/logo\/image\/\",\"url\":\"https:\/\/www.cear.ufpb.br\/embrapiinovo\/wp-content\/uploads\/2023\/08\/logobranca.png\",\"contentUrl\":\"https:\/\/www.cear.ufpb.br\/embrapiinovo\/wp-content\/uploads\/2023\/08\/logobranca.png\",\"width\":332,\"height\":348,\"caption\":\"EMBRAPII\"},\"image\":{\"@id\":\"https:\/\/www.cear.ufpb.br\/embrapiinovo\/#\/schema\/logo\/image\/\"}}]}<\/script>\n<!-- \/ Yoast SEO plugin. -->","yoast_head_json":{"title":"Sobre - EMBRAPII","robots":{"index":"index","follow":"follow","max-snippet":"max-snippet:-1","max-image-preview":"max-image-preview:large","max-video-preview":"max-video-preview:-1"},"canonical":"https:\/\/www.cear.ufpb.br\/embrapiinovo\/sobre\/","og_locale":"pt_BR","og_type":"article","og_title":"Sobre - EMBRAPII","og_description":"Prazer, somos a unidade EMBRAPII de tecnologias em otimiza\u00e7\u00e3o de energia do Centro de Energias Renov\u00e1veis da Universidade Federal da Paraiba (Embrapii Cear\/UFPB) e atuamos no mercado PD&amp;I h\u00e1 aproximadamente 10 anos. Nossa unidade \u00e9 credenciada para atuar na \u00e1rea Otimiza\u00e7\u00e3o de Energia, inclusive as renov\u00e1veis, com foco nas \u00e1reas de Gerenciamento de Energia e [&hellip;]","og_url":"https:\/\/www.cear.ufpb.br\/embrapiinovo\/sobre\/","og_site_name":"EMBRAPII","article_modified_time":"2023-09-26T17:27:12+00:00","twitter_card":"summary_large_image","twitter_misc":{"Est. tempo de leitura":"3 minutos"},"schema":{"@context":"https:\/\/schema.org","@graph":[{"@type":"WebPage","@id":"https:\/\/www.cear.ufpb.br\/embrapiinovo\/sobre\/","url":"https:\/\/www.cear.ufpb.br\/embrapiinovo\/sobre\/","name":"Sobre - EMBRAPII","isPartOf":{"@id":"https:\/\/www.cear.ufpb.br\/embrapiinovo\/#website"},"datePublished":"2023-08-28T15:39:06+00:00","dateModified":"2023-09-26T17:27:12+00:00","breadcrumb":{"@id":"https:\/\/www.cear.ufpb.br\/embrapiinovo\/sobre\/#breadcrumb"},"inLanguage":"pt-BR","potentialAction":[{"@type":"ReadAction","target":["https:\/\/www.cear.ufpb.br\/embrapiinovo\/sobre\/"]}]},{"@type":"BreadcrumbList","@id":"https:\/\/www.cear.ufpb.br\/embrapiinovo\/sobre\/#breadcrumb","itemListElement":[{"@type":"ListItem","position":1,"name":"In\u00edcio","item":"https:\/\/www.cear.ufpb.br\/embrapiinovo\/"},{"@type":"ListItem","position":2,"name":"Sobre"}]},{"@type":"WebSite","@id":"https:\/\/www.cear.ufpb.br\/embrapiinovo\/#website","url":"https:\/\/www.cear.ufpb.br\/embrapiinovo\/","name":"EMBRAPII","description":"S\u00f3 mais um site WordPress","publisher":{"@id":"https:\/\/www.cear.ufpb.br\/embrapiinovo\/#organization"},"potentialAction":[{"@type":"SearchAction","target":{"@type":"EntryPoint","urlTemplate":"https:\/\/www.cear.ufpb.br\/embrapiinovo\/?s={search_term_string}"},"query-input":"required name=search_term_string"}],"inLanguage":"pt-BR"},{"@type":"Organization","@id":"https:\/\/www.cear.ufpb.br\/embrapiinovo\/#organization","name":"EMBRAPII","url":"https:\/\/www.cear.ufpb.br\/embrapiinovo\/","logo":{"@type":"ImageObject","inLanguage":"pt-BR","@id":"https:\/\/www.cear.ufpb.br\/embrapiinovo\/#\/schema\/logo\/image\/","url":"https:\/\/www.cear.ufpb.br\/embrapiinovo\/wp-content\/uploads\/2023\/08\/logobranca.png","contentUrl":"https:\/\/www.cear.ufpb.br\/embrapiinovo\/wp-content\/uploads\/2023\/08\/logobranca.png","width":332,"height":348,"caption":"EMBRAPII"},"image":{"@id":"https:\/\/www.cear.ufpb.br\/embrapiinovo\/#\/schema\/logo\/image\/"}}]}},"_links":{"self":[{"href":"https:\/\/www.cear.ufpb.br\/embrapiinovo\/wp-json\/wp\/v2\/pages\/359","targetHints":{"allow":["GET"]}}],"collection":[{"href":"https:\/\/www.cear.ufpb.br\/embrapiinovo\/wp-json\/wp\/v2\/pages"}],"about":[{"href":"https:\/\/www.cear.ufpb.br\/embrapiinovo\/wp-json\/wp\/v2\/types\/page"}],"author":[{"embeddable":true,"href":"https:\/\/www.cear.ufpb.br\/embrapiinovo\/wp-json\/wp\/v2\/users\/1"}],"replies":[{"embeddable":true,"href":"https:\/\/www.cear.ufpb.br\/embrapiinovo\/wp-json\/wp\/v2\/comments?post=359"}],"version-history":[{"count":2,"href":"https:\/\/www.cear.ufpb.br\/embrapiinovo\/wp-json\/wp\/v2\/pages\/359\/revisions"}],"predecessor-version":[{"id":482,"href":"https:\/\/www.cear.ufpb.br\/embrapiinovo\/wp-json\/wp\/v2\/pages\/359\/revisions\/482"}],"wp:attachment":[{"href":"https:\/\/www.cear.ufpb.br\/embrapiinovo\/wp-json\/wp\/v2\/media?parent=359"}],"curies":[{"name":"wp","href":"https:\/\/api.w.org\/{rel}","templated":true}]}}